{"id":71126,"date":"2026-01-29T22:50:43","date_gmt":"2026-01-29T21:50:43","guid":{"rendered":"https:\/\/neueswochenblatt.pl\/e-paper-neues-wochenblatt-pl\/"},"modified":"2026-01-29T22:51:42","modified_gmt":"2026-01-29T21:51:42","slug":"e-paper-neues-wochenblatt-pl","status":"publish","type":"page","link":"https:\/\/neueswochenblatt.pl\/de\/abonnement-2\/e-paper-neues-wochenblatt-pl\/","title":{"rendered":"E-Paper Neues Wochenblatt.pl"},"content":{"rendered":"<p>Wir bieten unser Monatsblatt Neues Wochenblatt.pl auch als Online-Ausgabe an. So k\u00f6nnen Sie alle aktuellen Ausgaben des Neuen Wochenblatt.pl lesen. Die neue Ausgabe imm ab den 30. Tag des Monats zu lesen.<\/p>\n<p><a href=\"https:\/\/wochenblatt.pl\/pl\/abonamenty\/\">Chc\u0119 kupi\u0107 dost\u0119p \/ Bestellen<\/a><a href=\"https:\/\/wochenblatt.pl\/pl\/abonamenty\/\"><img loading=\"lazy\" decoding=\"async\" class=\"alignleft wp-image-46524 size-thumbnail\" src=\"https:\/\/wochenblatt.pl\/wp-content\/uploads\/2023\/07\/Chce-kupic-dostep-290x290.png\" sizes=\"auto, (max-width: 290px) 100vw, 290px\" srcset=\"https:\/\/wochenblatt.pl\/wp-content\/uploads\/2023\/07\/Chce-kupic-dostep-290x290.png 290w, https:\/\/wochenblatt.pl\/wp-content\/uploads\/2023\/07\/Chce-kupic-dostep.png 295w\" alt=\"Chce-kupic-dostep\" width=\"290\" height=\"290\" \/><\/a><a style=\"margin-top: -31px;\" href=\"https:\/\/wochenblatt.pl\/login\/\">Logowanie \/ Einloggen<\/a><a href=\"https:\/\/wochenblatt.pl\/login\/\"><img loading=\"lazy\" decoding=\"async\" class=\"alignleft wp-image-46524 size-thumbnail\" src=\"https:\/\/wochenblatt.pl\/wp-content\/uploads\/2023\/07\/Logowanie.png\" alt=\"\" width=\"295\" height=\"298\" \/><\/a><a style=\"margin-top: -31px;\" href=\"https:\/\/wochenblatt.pl\/registration\/\">Rejestracja \/ Neu anmelden<\/a><a href=\"https:\/\/wochenblatt.pl\/registration\/\"><img loading=\"lazy\" decoding=\"async\" class=\"alignleft wp-image-46524 size-thumbnail\" src=\"https:\/\/wochenblatt.pl\/wp-content\/uploads\/2023\/07\/Logowanie.png\" alt=\"\" width=\"295\" height=\"298\" \/><\/a><\/p>\n<style>\n.size-thumbnail {    width: 275px !important;    margin-right: 0px !important;}.entry-content a {    display: block;    text-decoration: underline;}<\/p>\n<\/style>\n<style>\n            @media (max-width: 768px) {.entry-content a {    display: flex !important;    text-decoration: underline;    margin-top: 12px;    margin-bottom: 20px;    margin-left: 12px;}            }        <\/style>\n","protected":false},"excerpt":{"rendered":"<p>Wir bieten unser Monatsblatt Neues Wochenblatt.pl auch als Online-Ausgabe an. So k\u00f6nnen Sie alle aktuellen Ausgaben des Neuen Wochenblatt.pl lesen. Die neue Ausgabe imm ab den 30. Tag des Monats zu lesen. Chc\u0119 kupi\u0107 dost\u0119p \/ BestellenLogowanie \/ EinloggenRejestracja \/ Neu anmelden<\/p>\n","protected":false},"author":1,"featured_media":0,"parent":71115,"menu_order":0,"comment_status":"closed","ping_status":"closed","template":"","meta":{"_acf_changed":false,"footnotes":""},"class_list":["post-71126","page","type-page","status-publish","hentry"],"acf":[],"_links":{"self":[{"href":"https:\/\/neueswochenblatt.pl\/de\/wp-json\/wp\/v2\/pages\/71126","targetHints":{"allow":["GET"]}}],"collection":[{"href":"https:\/\/neueswochenblatt.pl\/de\/wp-json\/wp\/v2\/pages"}],"about":[{"href":"https:\/\/neueswochenblatt.pl\/de\/wp-json\/wp\/v2\/types\/page"}],"author":[{"embeddable":true,"href":"https:\/\/neueswochenblatt.pl\/de\/wp-json\/wp\/v2\/users\/1"}],"replies":[{"embeddable":true,"href":"https:\/\/neueswochenblatt.pl\/de\/wp-json\/wp\/v2\/comments?post=71126"}],"version-history":[{"count":2,"href":"https:\/\/neueswochenblatt.pl\/de\/wp-json\/wp\/v2\/pages\/71126\/revisions"}],"predecessor-version":[{"id":71127,"href":"https:\/\/neueswochenblatt.pl\/de\/wp-json\/wp\/v2\/pages\/71126\/revisions\/71127"}],"up":[{"embeddable":true,"href":"https:\/\/neueswochenblatt.pl\/de\/wp-json\/wp\/v2\/pages\/71115"}],"wp:attachment":[{"href":"https:\/\/neueswochenblatt.pl\/de\/wp-json\/wp\/v2\/media?parent=71126"}],"curies":[{"name":"wp","href":"https:\/\/api.w.org\/{rel}","templated":true}]}}