{"id":69776,"date":"2026-01-27T21:31:59","date_gmt":"2026-01-27T20:31:59","guid":{"rendered":"https:\/\/neueswochenblatt.pl\/angebot\/produkcja\/"},"modified":"2026-01-29T22:55:45","modified_gmt":"2026-01-29T21:55:45","slug":"produktion","status":"publish","type":"page","link":"https:\/\/neueswochenblatt.pl\/de\/angebot\/produktion\/","title":{"rendered":"Produktion"},"content":{"rendered":"<p><strong><a href=\"http:\/\/silesiapress.nazwa.pl\/wochenblatt\/wp-content\/uploads\/2015\/04\/Produktion.jpg\"><img loading=\"lazy\" decoding=\"async\" class=\" size-large wp-image-340 aligncenter\" src=\"http:\/\/silesiapress.nazwa.pl\/wochenblatt\/wp-content\/uploads\/2015\/04\/Produktion-1024x680.jpg\" alt=\"Produktion\" width=\"610\" height=\"405\" \/><\/a><\/strong><\/p>\n<p><strong>Unser Ziel ist, dass Sie zufrieden sind.<\/strong> Deshalb bieten wir Ihnen an, Ihre Produktion zu \u00fcbernehmen, ob f\u00fcr Imagefilme, Radio- und Fernsehsendungen, Multimedia-Pr\u00e4sentationen oder Schulungen. Wir realisieren ganze Produktionen oder Teile daraus (Bilder, Montagen, Postproduktionen, Sprachaufnahmen). Wir verleihen Ausr\u00fcstung f\u00fcr Fernsehteams und vermieten unser H\u00f6rfunkstudio. Wir bieten ebenfalls volle technische Unterst\u00fctzung f\u00fcr ausl\u00e4ndische Fernseh- und Radioteams an.<\/p>\n<p>Wir bieten Ihnen folgenden Service:<\/p>\n<p><strong>Allgemeine Angebote:<\/strong><\/p>\n<ul>\n<li>Arbeitsplatz f\u00fcr TV-Montage, mit Cutter (High Definition System, Beta System)<\/li>\n<li>Radiostudio mit Techniker<\/li>\n<li>Sprecheraufnahmen<\/li>\n<\/ul>\n<p>&nbsp;<\/p>\n<p><strong>Fernsehproduktion:<\/strong><\/p>\n<ul>\n<li>Fernsehsendungen<\/li>\n<li>Reportagen und Nachrichten<\/li>\n<li>Dokumentarfilme<\/li>\n<li>Filme zu Schulungszwecken<\/li>\n<li>Imagefilme<\/li>\n<li>Multimediapr\u00e4sentationen<\/li>\n<li>Wahlkampf- und Werbespots<\/li>\n<\/ul>\n<p>&nbsp;<\/p>\n<p><strong>Radioproduktion:<\/strong><\/p>\n<ul>\n<li>Radiobeitr\u00e4ge f\u00fcr Rundfunk<\/li>\n<li>Werbesendungen<\/li>\n<li>\u00dcbersetzungen<\/li>\n<li>Wahlwerbespots<\/li>\n<\/ul>\n<p><strong>Grafik und Animation:<\/strong><\/p>\n<ul>\n<li>Animationen in 2D-L\u00f6sung<\/li>\n<li>Grafiken mit 3D-Technologie<\/li>\n<\/ul>\n<p>&nbsp;<\/p>\n<p>Wir freuen uns, Sie beraten zu d\u00fcrfen.<\/p>\n<p>Rufen Sie uns an: 0048 77 454 65 56 oder schreiben uns eine E-mail: <a href=\"mailto:media@vdg.pl\">media@vdg.pl<\/a><\/p>\n<p>&nbsp;<\/p>\n","protected":false},"excerpt":{"rendered":"<p>Unser Ziel ist, dass Sie zufrieden sind. Deshalb bieten wir Ihnen an, Ihre Produktion zu \u00fcbernehmen, ob f\u00fcr Imagefilme, Radio- und Fernsehsendungen, Multimedia-Pr\u00e4sentationen oder Schulungen. Wir realisieren ganze Produktionen oder Teile daraus (Bilder, Montagen, Postproduktionen, Sprachaufnahmen). Wir verleihen Ausr\u00fcstung f\u00fcr Fernsehteams und vermieten unser H\u00f6rfunkstudio. Wir bieten ebenfalls volle technische Unterst\u00fctzung f\u00fcr ausl\u00e4ndische Fernseh- und [&hellip;]<\/p>\n","protected":false},"author":1,"featured_media":0,"parent":69771,"menu_order":0,"comment_status":"closed","ping_status":"closed","template":"","meta":{"_acf_changed":false,"footnotes":""},"class_list":["post-69776","page","type-page","status-publish","hentry"],"acf":[],"_links":{"self":[{"href":"https:\/\/neueswochenblatt.pl\/de\/wp-json\/wp\/v2\/pages\/69776","targetHints":{"allow":["GET"]}}],"collection":[{"href":"https:\/\/neueswochenblatt.pl\/de\/wp-json\/wp\/v2\/pages"}],"about":[{"href":"https:\/\/neueswochenblatt.pl\/de\/wp-json\/wp\/v2\/types\/page"}],"author":[{"embeddable":true,"href":"https:\/\/neueswochenblatt.pl\/de\/wp-json\/wp\/v2\/users\/1"}],"replies":[{"embeddable":true,"href":"https:\/\/neueswochenblatt.pl\/de\/wp-json\/wp\/v2\/comments?post=69776"}],"version-history":[{"count":2,"href":"https:\/\/neueswochenblatt.pl\/de\/wp-json\/wp\/v2\/pages\/69776\/revisions"}],"predecessor-version":[{"id":71152,"href":"https:\/\/neueswochenblatt.pl\/de\/wp-json\/wp\/v2\/pages\/69776\/revisions\/71152"}],"up":[{"embeddable":true,"href":"https:\/\/neueswochenblatt.pl\/de\/wp-json\/wp\/v2\/pages\/69771"}],"wp:attachment":[{"href":"https:\/\/neueswochenblatt.pl\/de\/wp-json\/wp\/v2\/media?parent=69776"}],"curies":[{"name":"wp","href":"https:\/\/api.w.org\/{rel}","templated":true}]}}