{"id":69766,"date":"2026-01-27T21:41:40","date_gmt":"2026-01-27T20:41:40","guid":{"rendered":"https:\/\/neueswochenblatt.pl\/?page_id=69766"},"modified":"2026-03-04T19:13:42","modified_gmt":"2026-03-04T18:13:42","slug":"neues-wochenblatt-pl","status":"publish","type":"page","link":"https:\/\/neueswochenblatt.pl\/de\/neues-wochenblatt-pl\/","title":{"rendered":"Neues Wochenblatt.pl"},"content":{"rendered":"<p><img loading=\"lazy\" decoding=\"async\" class=\"aligncenter wp-image-60784\" src=\"https:\/\/wochenblatt.pl\/wp-content\/uploads\/2025\/04\/Magazyn-1-numer-neues-Wochenblatt-pl-1024x768.jpg\" alt=\"\" width=\"782\" height=\"586\" \/><\/p>\n<p>&nbsp;<\/p>\n<p>Ab den 1. April 2025 ver\u00e4ndert sich die Zeitung Wochenblatt.pl. Nach 35 Jahren der Herausgabe einer Wochenzeitung ver\u00e4ndern wir uns und verlegenunsereAktivit\u00e4ten ins Internet \u2013 Wochenblatt.pl wird zu Neues Wochenblatt.pl. Die allt\u00e4glichen Nachrichten \u2013 Neuigkeiten, Berichte \u00fcber Ereignisse mit umfangreicher Fotogalerie werden Sie auf unserer Internetseite <a href=\"https:\/\/neueswochenblatt.pl\/de\/\">www.neueswochenblatt.pl<\/a> und auf\u00a0 <em><strong><a href=\"https:\/\/www.facebook.com\/neueswochenblattpl\" target=\"_blank\" rel=\"noopener\">facebook.com\/neueswochenblattpl <\/a><\/strong>finden k\u00f6nnen.<\/em><\/p>\n<p>Wir vergessen jedoch nicht diejenigen, die die Papierausgabe bevorzugen und f\u00fcr sie werden wir das Monatsmagazin \u201eNeues Wochenblatt.pl\u201c herausgeben. Das zweisprachige Monatsmagazin wird eine Sammlung der interessantesten Artikel des Monats sein, aber Sie werden auch hochwertiges Material darin finden, welches im Internet nicht verf\u00fcgbar sein wird. Das Magazin wird Ende jedes Monats zum Verkauf stehen.<\/p>\n<ul>\n<li>Der Preis eines Exemplars betr\u00e4gt 15,99 z\u0142 (20 z\u0142 mit Versandkosten). Der Preis eines Abonnements bis Ende dieses Jahres betr\u00e4gt 240 z\u0142 mit Versandkosten.<\/li>\n<li>Mega Deal: Bestelle 10 St\u00fcck \u2013 und die Versandkosten sind Poelnweit frei! Die 10 Ausgaben kosten jeden Monat 159,90 z\u0142<\/li>\n<\/ul>\n<p>Wenn Sie eine Monatsausgabe bestellen m\u00f6chten, bitte kontaktieren Sie sich mit uns telefonisch unter:\u00a0 77 45 46\u00a0556 oder per E-Mail: <a href=\"mailto:media@vdg.pl\">media@vdg.pl<\/a>.<\/p>\n<p>&nbsp;<\/p>\n","protected":false},"excerpt":{"rendered":"<p>&nbsp; Ab den 1. April 2025 ver\u00e4ndert sich die Zeitung Wochenblatt.pl. Nach 35 Jahren der Herausgabe einer Wochenzeitung ver\u00e4ndern wir uns und verlegenunsereAktivit\u00e4ten ins Internet \u2013 Wochenblatt.pl wird zu Neues Wochenblatt.pl. Die allt\u00e4glichen Nachrichten \u2013 Neuigkeiten, Berichte \u00fcber Ereignisse mit umfangreicher Fotogalerie werden Sie auf unserer Internetseite www.neueswochenblatt.pl und auf\u00a0 facebook.com\/neueswochenblattpl finden k\u00f6nnen. Wir vergessen [&hellip;]<\/p>\n","protected":false},"author":1,"featured_media":0,"parent":0,"menu_order":0,"comment_status":"closed","ping_status":"closed","template":"","meta":{"_acf_changed":false,"footnotes":""},"class_list":["post-69766","page","type-page","status-publish","hentry"],"acf":[],"_links":{"self":[{"href":"https:\/\/neueswochenblatt.pl\/de\/wp-json\/wp\/v2\/pages\/69766","targetHints":{"allow":["GET"]}}],"collection":[{"href":"https:\/\/neueswochenblatt.pl\/de\/wp-json\/wp\/v2\/pages"}],"about":[{"href":"https:\/\/neueswochenblatt.pl\/de\/wp-json\/wp\/v2\/types\/page"}],"author":[{"embeddable":true,"href":"https:\/\/neueswochenblatt.pl\/de\/wp-json\/wp\/v2\/users\/1"}],"replies":[{"embeddable":true,"href":"https:\/\/neueswochenblatt.pl\/de\/wp-json\/wp\/v2\/comments?post=69766"}],"version-history":[{"count":4,"href":"https:\/\/neueswochenblatt.pl\/de\/wp-json\/wp\/v2\/pages\/69766\/revisions"}],"predecessor-version":[{"id":73738,"href":"https:\/\/neueswochenblatt.pl\/de\/wp-json\/wp\/v2\/pages\/69766\/revisions\/73738"}],"wp:attachment":[{"href":"https:\/\/neueswochenblatt.pl\/de\/wp-json\/wp\/v2\/media?parent=69766"}],"curies":[{"name":"wp","href":"https:\/\/api.w.org\/{rel}","templated":true}]}}