{"id":69763,"date":"2026-01-27T21:43:16","date_gmt":"2026-01-27T20:43:16","guid":{"rendered":"https:\/\/neueswochenblatt.pl\/kontakt\/"},"modified":"2026-02-25T21:20:45","modified_gmt":"2026-02-25T20:20:45","slug":"buero","status":"publish","type":"page","link":"https:\/\/neueswochenblatt.pl\/de\/buero\/","title":{"rendered":"B\u00fcro"},"content":{"rendered":"<p><strong>Verband der deutschen sozial-kulturellen Gesellschaften in Polen<\/strong><br \/>\n<iframe loading=\"lazy\" style=\"border: 0;\" src=\"https:\/\/www.google.com\/maps\/embed?pb=!1m18!1m12!1m3!1d2528.9644833966363!2d17.936932611360074!3d50.66491997151551!2m3!1f0!2f0!3f0!3m2!1i1024!2i768!4f13.1!3m3!1m2!1s0x471053015be7c625%3A0xa8acbd6da10fcec0!2sZwi%C4%85zek%20Niemieckich%20Stowarzysze%C5%84%20Spo%C5%82eczno-Kulturalnych%20w%20Polsce!5e0!3m2!1spl!2spl!4v1718356800054!5m2!1spl!2spl\" width=\"600\" height=\"450\" allowfullscreen=\"allowfullscreen\"><\/iframe><\/p>\n<p><strong>Herausgeber: Verband der deutschen sozial-kulturellen Gesellschaften in Polen<\/strong><br \/>\n<strong>Medienabteilung<\/strong><br \/>\nul. J.S\u0142owackiego 10 (1. Etage)<br \/>\n45-364 Opole<br \/>\nTel.: 77 454 65 56<br \/>\nE-mail: <a href=\"mailto:media@vdg.pl\">media@vdg.pl<\/a><br \/>\n<strong>Das B\u00fcro ist ge\u00f6ffnet von Montag bis Freitag von 8.00 bis 16.00 Uhr.<\/strong><\/p>\n<p>NIP: 754-10-99-195<br \/>\nREGON: 530 530 147<\/p>\n<p><strong>Bankverbindung:<\/strong><br \/>\nING Bank \u015al\u0105ski S.A.<br \/>\nKonto: 88 1050 1504 1000 0024 3720 8073<br \/>\nSWIFT Code (BIC) INGBPLPW<br \/>\nIBAN: PL88 1050 1504 1000 0024 3720 8073<\/p>\n","protected":false},"excerpt":{"rendered":"<p>Verband der deutschen sozial-kulturellen Gesellschaften in Polen Herausgeber: Verband der deutschen sozial-kulturellen Gesellschaften in Polen Medienabteilung ul. J.S\u0142owackiego 10 (1. Etage) 45-364 Opole Tel.: 77 454 65 56 E-mail: media@vdg.pl Das B\u00fcro ist ge\u00f6ffnet von Montag bis Freitag von 8.00 bis 16.00 Uhr. NIP: 754-10-99-195 REGON: 530 530 147 Bankverbindung: ING Bank \u015al\u0105ski S.A. Konto: [&hellip;]<\/p>\n","protected":false},"author":1,"featured_media":0,"parent":0,"menu_order":0,"comment_status":"closed","ping_status":"closed","template":"","meta":{"_acf_changed":false,"footnotes":""},"class_list":["post-69763","page","type-page","status-publish","hentry"],"acf":[],"_links":{"self":[{"href":"https:\/\/neueswochenblatt.pl\/de\/wp-json\/wp\/v2\/pages\/69763","targetHints":{"allow":["GET"]}}],"collection":[{"href":"https:\/\/neueswochenblatt.pl\/de\/wp-json\/wp\/v2\/pages"}],"about":[{"href":"https:\/\/neueswochenblatt.pl\/de\/wp-json\/wp\/v2\/types\/page"}],"author":[{"embeddable":true,"href":"https:\/\/neueswochenblatt.pl\/de\/wp-json\/wp\/v2\/users\/1"}],"replies":[{"embeddable":true,"href":"https:\/\/neueswochenblatt.pl\/de\/wp-json\/wp\/v2\/comments?post=69763"}],"version-history":[{"count":3,"href":"https:\/\/neueswochenblatt.pl\/de\/wp-json\/wp\/v2\/pages\/69763\/revisions"}],"predecessor-version":[{"id":72885,"href":"https:\/\/neueswochenblatt.pl\/de\/wp-json\/wp\/v2\/pages\/69763\/revisions\/72885"}],"wp:attachment":[{"href":"https:\/\/neueswochenblatt.pl\/de\/wp-json\/wp\/v2\/media?parent=69763"}],"curies":[{"name":"wp","href":"https:\/\/api.w.org\/{rel}","templated":true}]}}